{"id":6033,"date":"2022-10-19T00:15:16","date_gmt":"2022-10-19T00:15:16","guid":{"rendered":"https:\/\/scpa-ca.ro\/?page_id=6033"},"modified":"2025-11-02T01:42:25","modified_gmt":"2025-11-02T01:42:25","slug":"linkuri-utile","status":"publish","type":"page","link":"https:\/\/www.sprlcalinescu.ro\/en\/linkuri-utile\/","title":{"rendered":"Legal resources"},"content":{"rendered":"<div data-elementor-type=\"wp-page\" data-elementor-id=\"6033\" class=\"elementor elementor-6033\" data-elementor-post-type=\"page\">\n\t\t\t\t\t\t<section class=\"elementor-section elementor-top-section elementor-element elementor-element-a19fa55 elementor-section-boxed elementor-section-height-default elementor-section-height-default\" data-id=\"a19fa55\" data-element_type=\"section\" data-settings=\"{&quot;background_background&quot;:&quot;classic&quot;,&quot;jet_parallax_layout_list&quot;:[]}\">\n\t\t\t\t\t\t<div class=\"elementor-container elementor-column-gap-default\">\n\t\t\t\t\t<div class=\"elementor-column elementor-col-100 elementor-top-column elementor-element elementor-element-5742861\" data-id=\"5742861\" data-element_type=\"column\">\n\t\t\t<div class=\"elementor-widget-wrap\">\n\t\t\t\t\t\t\t<\/div>\n\t\t<\/div>\n\t\t\t\t\t<\/div>\n\t\t<\/section>\n\t\t\t\t<section class=\"elementor-section elementor-top-section elementor-element elementor-element-55d3c9b elementor-section-boxed elementor-section-height-default elementor-section-height-default\" data-id=\"55d3c9b\" data-element_type=\"section\" data-settings=\"{&quot;jet_parallax_layout_list&quot;:[]}\">\n\t\t\t\t\t\t<div class=\"elementor-container elementor-column-gap-default\">\n\t\t\t\t\t<div class=\"elementor-column elementor-col-100 elementor-top-column elementor-element elementor-element-cecf9be\" data-id=\"cecf9be\" data-element_type=\"column\">\n\t\t\t<div class=\"elementor-widget-wrap\">\n\t\t\t\t\t\t\t<\/div>\n\t\t<\/div>\n\t\t\t\t\t<\/div>\n\t\t<\/section>\n\t\t\t\t<section class=\"elementor-section elementor-top-section elementor-element elementor-element-db266c3 elementor-section-boxed elementor-section-height-default elementor-section-height-default\" data-id=\"db266c3\" data-element_type=\"section\" data-settings=\"{&quot;background_background&quot;:&quot;classic&quot;,&quot;jet_parallax_layout_list&quot;:[]}\">\n\t\t\t\t\t\t<div class=\"elementor-container elementor-column-gap-default\">\n\t\t\t\t\t<div class=\"elementor-column elementor-col-100 elementor-top-column elementor-element elementor-element-495e7b9\" data-id=\"495e7b9\" data-element_type=\"column\" data-settings=\"{&quot;background_background&quot;:&quot;classic&quot;}\">\n\t\t\t<div class=\"elementor-widget-wrap elementor-element-populated\">\n\t\t\t\t\t\t<div class=\"elementor-element elementor-element-03afd72 htmove-heading-center elementor-widget elementor-widget-move-heading\" data-id=\"03afd72\" data-element_type=\"widget\" data-widget_type=\"move-heading.default\">\n\t\t\t\t<div class=\"elementor-widget-container\">\n\t\t\t\t\t<div class=\"htmove-heading htmove-heading-center htmove-sub-heading-pos-\"><h2  class=\"htmove-heading-title\">LEGAL RESOURCES<\/h2><\/div>\t\t\t\t<\/div>\n\t\t\t\t<\/div>\n\t\t\t\t<div class=\"elementor-element elementor-element-a4a803d elementor-widget-divider--view-line elementor-invisible elementor-widget elementor-widget-divider\" data-id=\"a4a803d\" data-element_type=\"widget\" data-settings=\"{&quot;_animation&quot;:&quot;bounceInLeft&quot;}\" data-widget_type=\"divider.default\">\n\t\t\t\t<div class=\"elementor-widget-container\">\n\t\t\t\t\t\t\t<div class=\"elementor-divider\">\n\t\t\t<span class=\"elementor-divider-separator\">\n\t\t\t\t\t\t<\/span>\n\t\t<\/div>\n\t\t\t\t\t\t<\/div>\n\t\t\t\t<\/div>\n\t\t\t\t<div class=\"elementor-element elementor-element-c2f2146 elementor-widget elementor-widget-text-editor\" data-id=\"c2f2146\" data-element_type=\"widget\" data-widget_type=\"text-editor.default\">\n\t\t\t\t<div class=\"elementor-widget-container\">\n\t\t\t\t\t\t\t\t\t<p>We come to your rescue with a list<span class=\"dia_suggestion w18\" contextmenu=\"true\">of<\/span> links you may find useful <span class=\"dia_suggestion w17\" contextmenu=\"true\">in<\/span>\u00a0<span class=\"dia_suggestion w18\" contextmenu=\"true\">searches<\/span> such as:<\/p>\t\t\t\t\t\t\t\t<\/div>\n\t\t\t\t<\/div>\n\t\t\t\t<div class=\"elementor-element elementor-element-65c7ff3 elementor-align-center bdt-content-position--left elementor-widget elementor-widget-bdt-fancy-list\" data-id=\"65c7ff3\" data-element_type=\"widget\" data-widget_type=\"bdt-fancy-list.default\">\n\t\t\t\t<div class=\"elementor-widget-container\">\n\t\t\t\t\t        <div class=\"bdt-fancy-list\">\n            <ul class=\"bdt-list custom-list-group\">\n                                    <li>\n                        <a class=\"bdt-list-wrap\" href=\"https:\/\/portal.just.ro\/SitePages\/acasa.aspx\" target=\"_blank\">                        <div class=\"bdt-flex  flex-wrap\">\n                                                                                    <div class=\"list-text\">\n                                <h4 class=\"bdt-list-title\">\n                                    Courts Portal                                <\/h4>\n                                <p class=\"list-text-des\"> <\/p>\n                            <\/div>\n                                                    <\/div>\n                                                    <\/a>\n                                            <\/li>\n                                    <li>\n                        <a class=\"bdt-list-wrap\" href=\"https:\/\/legislatie.just.ro\/\" target=\"_blank\">                        <div class=\"bdt-flex  flex-wrap\">\n                                                                                    <div class=\"list-text\">\n                                <h4 class=\"bdt-list-title\">\n                                    Legislative Portal                                <\/h4>\n                                <p class=\"list-text-des\"> <\/p>\n                            <\/div>\n                                                    <\/div>\n                                                    <\/a>\n                                            <\/li>\n                                    <li>\n                        <a class=\"bdt-list-wrap\" href=\"https:\/\/monitoruloficial.ro\/\" target=\"_blank\">                        <div class=\"bdt-flex  flex-wrap\">\n                                                                                    <div class=\"list-text\">\n                                <h4 class=\"bdt-list-title\">\n                                    Official Journal                                <\/h4>\n                                <p class=\"list-text-des\"> <\/p>\n                            <\/div>\n                                                    <\/div>\n                                                    <\/a>\n                                            <\/li>\n                                    <li>\n                        <a class=\"bdt-list-wrap\" href=\"https:\/\/tribunalulbucuresti.ro\/index.php\/informatii\/informatii-taxe\/taxa-judiciare-de-timbru\" target=\"_blank\">                        <div class=\"bdt-flex  flex-wrap\">\n                                                                                    <div class=\"list-text\">\n                                <h4 class=\"bdt-list-title\">\n                                    Stamp Tax Calculator                                <\/h4>\n                                <p class=\"list-text-des\"> <\/p>\n                            <\/div>\n                                                    <\/div>\n                                                    <\/a>\n                                            <\/li>\n                                    <li>\n                        <a class=\"bdt-list-wrap\" href=\"http:\/\/www.scj.ro\/\" target=\"_blank\">                        <div class=\"bdt-flex  flex-wrap\">\n                                                                                    <div class=\"list-text\">\n                                <h4 class=\"bdt-list-title\">\n                                    ICCJ                                <\/h4>\n                                <p class=\"list-text-des\"> <\/p>\n                            <\/div>\n                                                    <\/div>\n                                                    <\/a>\n                                            <\/li>\n                                    <li>\n                        <a class=\"bdt-list-wrap\" href=\"https:\/\/www.unbr.ro\/legislatie\/\" target=\"_blank\">                        <div class=\"bdt-flex  flex-wrap\">\n                                                                                    <div class=\"list-text\">\n                                <h4 class=\"bdt-list-title\">\n                                    UNBR - Legislation                                <\/h4>\n                                <p class=\"list-text-des\"> <\/p>\n                            <\/div>\n                                                    <\/div>\n                                                    <\/a>\n                                            <\/li>\n                                    <li>\n                        <a class=\"bdt-list-wrap\" href=\"https:\/\/www.avocatnet.ro\/articole_legislatie\/Legislatie.html\" target=\"_blank\">                        <div class=\"bdt-flex  flex-wrap\">\n                                                                                    <div class=\"list-text\">\n                                <h4 class=\"bdt-list-title\">\n                                    Lawyer.net                                <\/h4>\n                                <p class=\"list-text-des\"> <\/p>\n                            <\/div>\n                                                    <\/div>\n                                                    <\/a>\n                                            <\/li>\n                                    <li>\n                        <a class=\"bdt-list-wrap\" href=\"https:\/\/european-union.europa.eu\/institutions-law-budget\/law\/find-legislation_ro\" target=\"_blank\">                        <div class=\"bdt-flex  flex-wrap\">\n                                                                                    <div class=\"list-text\">\n                                <h4 class=\"bdt-list-title\">\n                                    European Union - Legislation                                <\/h4>\n                                <p class=\"list-text-des\"> <\/p>\n                            <\/div>\n                                                    <\/div>\n                                                    <\/a>\n                                            <\/li>\n                                    <li>\n                        <a class=\"bdt-list-wrap\" href=\"https:\/\/www.baroul-bucuresti.ro\/\" target=\"_blank\">                        <div class=\"bdt-flex  flex-wrap\">\n                                                                                    <div class=\"list-text\">\n                                <h4 class=\"bdt-list-title\">\n                                    Bucharest Bar                                <\/h4>\n                                <p class=\"list-text-des\"> <\/p>\n                            <\/div>\n                                                    <\/div>\n                                                    <\/a>\n                                            <\/li>\n                                    <li>\n                        <a class=\"bdt-list-wrap\" href=\"https:\/\/mfinante.gov.ro\/ro\/web\/site\" target=\"_blank\">                        <div class=\"bdt-flex  flex-wrap\">\n                                                                                    <div class=\"list-text\">\n                                <h4 class=\"bdt-list-title\">\n                                    Ministry of Finance                                <\/h4>\n                                <p class=\"list-text-des\"> <\/p>\n                            <\/div>\n                                                    <\/div>\n                                                    <\/a>\n                                            <\/li>\n                                    <li>\n                        <a class=\"bdt-list-wrap\" href=\"https:\/\/www.anaf.ro\/anaf\/internet\/ANAF\/acasa\/!ut\/p\/a1\/hc6xDoIwEAbgZ2Ho2jtRCHHDhUocxEXoYkpSCgZbUiq8vtU4OCjedn--y3_AoQSuxdQp4TqjRf_ceXxhKxazMAlzZAViEe32pyg7ImYbDyoP8Mek-O_-DHyRYPwGCxU5cNWb-vVulep6nSjgVjbSSkvv1setc8O4JUhwnmcqtGioNQS_-daMDsoPBsOtxGvUT4c0CB5h5prT\/dl5\/d5\/L2dBISEvZ0FBIS9nQSEh\/\" target=\"_blank\">                        <div class=\"bdt-flex  flex-wrap\">\n                                                                                    <div class=\"list-text\">\n                                <h4 class=\"bdt-list-title\">\n                                    ANAF                                <\/h4>\n                                <p class=\"list-text-des\"> <\/p>\n                            <\/div>\n                                                    <\/div>\n                                                    <\/a>\n                                            <\/li>\n                                    <li>\n                        <a class=\"bdt-list-wrap\" href=\"https:\/\/b.politiaromana.ro\/\" target=\"_blank\">                        <div class=\"bdt-flex  flex-wrap\">\n                                                                                    <div class=\"list-text\">\n                                <h4 class=\"bdt-list-title\">\n                                    Capital Police                                <\/h4>\n                                <p class=\"list-text-des\"> <\/p>\n                            <\/div>\n                                                    <\/div>\n                                                    <\/a>\n                                            <\/li>\n                                    <li>\n                        <a class=\"bdt-list-wrap\" href=\"https:\/\/www.onrc.ro\/index.php\/ro\/\" target=\"_blank\">                        <div class=\"bdt-flex  flex-wrap\">\n                                                                                    <div class=\"list-text\">\n                                <h4 class=\"bdt-list-title\">\n                                    ONRC                                <\/h4>\n                                <p class=\"list-text-des\"> <\/p>\n                            <\/div>\n                                                    <\/div>\n                                                    <\/a>\n                                            <\/li>\n                                    <li>\n                        <a class=\"bdt-list-wrap\" href=\"https:\/\/www.ancom.ro\/ancom_106\" target=\"_blank\">                        <div class=\"bdt-flex  flex-wrap\">\n                                                                                    <div class=\"list-text\">\n                                <h4 class=\"bdt-list-title\">\n                                    ANCOM                                <\/h4>\n                                <p class=\"list-text-des\"> <\/p>\n                            <\/div>\n                                                    <\/div>\n                                                    <\/a>\n                                            <\/li>\n                                    <li>\n                        <a class=\"bdt-list-wrap\" href=\"https:\/\/www.bnr.ro\/Home.aspx\" target=\"_blank\">                        <div class=\"bdt-flex  flex-wrap\">\n                                                                                    <div class=\"list-text\">\n                                <h4 class=\"bdt-list-title\">\n                                    NBR                                <\/h4>\n                                <p class=\"list-text-des\"> <\/p>\n                            <\/div>\n                                                    <\/div>\n                                                    <\/a>\n                                            <\/li>\n                                    <li>\n                        <a class=\"bdt-list-wrap\" href=\"https:\/\/www.ccr.ro\/comunicate\/\">                        <div class=\"bdt-flex  flex-wrap\">\n                                                                                    <div class=\"list-text\">\n                                <h4 class=\"bdt-list-title\">\n                                    JRC                                <\/h4>\n                                <p class=\"list-text-des\"> <\/p>\n                            <\/div>\n                                                    <\/div>\n                                                    <\/a>\n                                            <\/li>\n                                    <li>\n                        <a class=\"bdt-list-wrap\" href=\"https:\/\/portal.just.ro\/300\/SitePages\/bine.aspx?id_inst=300\">                        <div class=\"bdt-flex  flex-wrap\">\n                                                                                    <div class=\"list-text\">\n                                <h4 class=\"bdt-list-title\">\n                                    Stamp tax accounts by sector                                <\/h4>\n                                <p class=\"list-text-des\"> <\/p>\n                            <\/div>\n                                                    <\/div>\n                                                    <\/a>\n                                            <\/li>\n                                    <li>\n                        <a class=\"bdt-list-wrap\" href=\"https:\/\/www.pmb.ro\/\">                        <div class=\"bdt-flex  flex-wrap\">\n                                                                                    <div class=\"list-text\">\n                                <h4 class=\"bdt-list-title\">\n                                    Bucharest City Hall                                <\/h4>\n                                <p class=\"list-text-des\"> <\/p>\n                            <\/div>\n                                                    <\/div>\n                                                    <\/a>\n                                            <\/li>\n                                    <li>\n                        <a class=\"bdt-list-wrap\" href=\"https:\/\/avp.ro\/\">                        <div class=\"bdt-flex  flex-wrap\">\n                                                                                    <div class=\"list-text\">\n                                <h4 class=\"bdt-list-title\">\n                                    Avocatul Poporului                                <\/h4>\n                                <p class=\"list-text-des\"> <\/p>\n                            <\/div>\n                                                    <\/div>\n                                                    <\/a>\n                                            <\/li>\n                                    <li>\n                        <a class=\"bdt-list-wrap\" href=\"https:\/\/b.prefectura.mai.gov.ro\/\">                        <div class=\"bdt-flex  flex-wrap\">\n                                                                                    <div class=\"list-text\">\n                                <h4 class=\"bdt-list-title\">\n                                    Bucharest Prefecture                                <\/h4>\n                                <p class=\"list-text-des\"> <\/p>\n                            <\/div>\n                                                    <\/div>\n                                                    <\/a>\n                                            <\/li>\n                            <\/ul>\n        <\/div>\n\t\t\t\t<\/div>\n\t\t\t\t<\/div>\n\t\t\t\t\t<\/div>\n\t\t<\/div>\n\t\t\t\t\t<\/div>\n\t\t<\/section>\n\t\t\t\t<\/div>","protected":false},"excerpt":{"rendered":"<p>RESURSE JURIDICE \u00ce\u021bi venim \u00een ajutor cu o list\u0103 de link-uri utile, care \u00ee\u021bi pot fi de folos \u00een\u00a0c\u0103ut\u0103rile tale! Portalul Instan\u021belor de Judecat\u0103 Portal Legislativ Monitorul Oficial Calculator Tax\u0103 Timbru ICCJ UNBR &#8211; Legisla\u021bie Avocat.net Uniunea Europeana &#8211; Legisla\u021bie Baroul Bucure\u0219ti Ministerul Finan\u021belor ANAF Poli\u021bia Capitalei ONRC ANCOM BNR CCR Conturi taxe timbru\u00a0pe\u00a0sectoare Prim\u0103ria [&hellip;]<\/p>","protected":false},"author":1,"featured_media":0,"parent":0,"menu_order":0,"comment_status":"closed","ping_status":"closed","template":"","meta":{"_acf_changed":false,"_monsterinsights_skip_tracking":false,"_monsterinsights_sitenote_active":false,"_monsterinsights_sitenote_note":"","_monsterinsights_sitenote_category":0,"footnotes":""},"class_list":["post-6033","page","type-page","status-publish","hentry"],"acf":[],"aioseo_notices":[],"_links":{"self":[{"href":"https:\/\/www.sprlcalinescu.ro\/en\/wp-json\/wp\/v2\/pages\/6033","targetHints":{"allow":["GET"]}}],"collection":[{"href":"https:\/\/www.sprlcalinescu.ro\/en\/wp-json\/wp\/v2\/pages"}],"about":[{"href":"https:\/\/www.sprlcalinescu.ro\/en\/wp-json\/wp\/v2\/types\/page"}],"author":[{"embeddable":true,"href":"https:\/\/www.sprlcalinescu.ro\/en\/wp-json\/wp\/v2\/users\/1"}],"replies":[{"embeddable":true,"href":"https:\/\/www.sprlcalinescu.ro\/en\/wp-json\/wp\/v2\/comments?post=6033"}],"version-history":[{"count":3,"href":"https:\/\/www.sprlcalinescu.ro\/en\/wp-json\/wp\/v2\/pages\/6033\/revisions"}],"predecessor-version":[{"id":7509,"href":"https:\/\/www.sprlcalinescu.ro\/en\/wp-json\/wp\/v2\/pages\/6033\/revisions\/7509"}],"wp:attachment":[{"href":"https:\/\/www.sprlcalinescu.ro\/en\/wp-json\/wp\/v2\/media?parent=6033"}],"curies":[{"name":"wp","href":"https:\/\/api.w.org\/{rel}","templated":true}]}}